{"id":44,"date":"2018-10-27T15:19:36","date_gmt":"2018-10-27T15:19:36","guid":{"rendered":"https:\/\/dasfliesenhaus-mennrath.com\/?page_id=44"},"modified":"2018-10-27T16:23:45","modified_gmt":"2018-10-27T16:23:45","slug":"terassen-fliesen","status":"publish","type":"page","link":"https:\/\/dasfliesenhaus-geneicken.de\/?page_id=44","title":{"rendered":"Terassen Fliesen"},"content":{"rendered":"\n<p>farbecht, abriebfest, absolut witterungsbest\u00e4ndig, nat\u00fcrlich frostsicher und resistent gegen\u00fcber jedweder chemischer Einwirkung.<\/p>\n","protected":false},"excerpt":{"rendered":"<p>farbecht, abriebfest, absolut witterungsbest\u00e4ndig, nat\u00fcrlich frostsicher und resistent gegen\u00fcber jedweder chemischer Einwirkung.<\/p>\n","protected":false},"author":1,"featured_media":0,"parent":0,"menu_order":0,"comment_status":"closed","ping_status":"closed","template":"","meta":{"_genesis_hide_title":false,"_genesis_hide_breadcrumbs":false,"_genesis_hide_singular_image":false,"_genesis_hide_footer_widgets":false,"_genesis_custom_body_class":"","_genesis_custom_post_class":"","_genesis_layout":"","ngg_post_thumbnail":0,"footnotes":""},"class_list":{"0":"post-44","1":"page","2":"type-page","3":"status-publish","5":"entry"},"_links":{"self":[{"href":"https:\/\/dasfliesenhaus-geneicken.de\/index.php?rest_route=\/wp\/v2\/pages\/44","targetHints":{"allow":["GET"]}}],"collection":[{"href":"https:\/\/dasfliesenhaus-geneicken.de\/index.php?rest_route=\/wp\/v2\/pages"}],"about":[{"href":"https:\/\/dasfliesenhaus-geneicken.de\/index.php?rest_route=\/wp\/v2\/types\/page"}],"author":[{"embeddable":true,"href":"https:\/\/dasfliesenhaus-geneicken.de\/index.php?rest_route=\/wp\/v2\/users\/1"}],"replies":[{"embeddable":true,"href":"https:\/\/dasfliesenhaus-geneicken.de\/index.php?rest_route=%2Fwp%2Fv2%2Fcomments&post=44"}],"version-history":[{"count":3,"href":"https:\/\/dasfliesenhaus-geneicken.de\/index.php?rest_route=\/wp\/v2\/pages\/44\/revisions"}],"predecessor-version":[{"id":87,"href":"https:\/\/dasfliesenhaus-geneicken.de\/index.php?rest_route=\/wp\/v2\/pages\/44\/revisions\/87"}],"wp:attachment":[{"href":"https:\/\/dasfliesenhaus-geneicken.de\/index.php?rest_route=%2Fwp%2Fv2%2Fmedia&parent=44"}],"curies":[{"name":"wp","href":"https:\/\/api.w.org\/{rel}","templated":true}]}}